{"id":774,"date":"2025-04-17T14:46:11","date_gmt":"2025-04-17T12:46:11","guid":{"rendered":"https:\/\/www.infarsa.com\/mas-informacion-sobre-las-cookies\/"},"modified":"2025-05-16T11:13:58","modified_gmt":"2025-05-16T09:13:58","slug":"mes-informacio-sobre-les-cookies","status":"publish","type":"page","link":"https:\/\/www.infarsa.com\/ca\/mes-informacio-sobre-les-cookies\/","title":{"rendered":"M\u00e9s informaci\u00f3 sobre les cookies"},"content":{"rendered":"\n<p><strong>Qu\u00e8 \u00e9s una cookie?<\/strong><\/p>\n\n\n\n<p>Una cookie \u00e9s un petit fitxer de text que s\u2019emmagatzema al teu navegador quan visites gaireb\u00e9 qualsevol p\u00e0gina web. La seva utilitat \u00e9s que la web sigui capa\u00e7 de recordar la teva visita quan tornis a navegar per aquesta p\u00e0gina. Les cookies solen emmagatzemar informaci\u00f3 de car\u00e0cter t\u00e8cnic, prefer\u00e8ncies personals, personalitzaci\u00f3 de continguts, estad\u00edstiques d\u2019\u00fas, enlla\u00e7os a xarxes socials, acc\u00e9s a comptes d\u2019usuari, etc. L\u2019objectiu de la cookie \u00e9s adaptar el contingut de la web al teu perfil i necessitats; sense cookies, els serveis oferts per qualsevol p\u00e0gina es veurien notablement disminu\u00efts. Si vols consultar m\u00e9s informaci\u00f3 sobre qu\u00e8 s\u00f3n les cookies, qu\u00e8 emmagatzemen, com eliminar-les, desactivar-les, etc., et demanem que visitis aquest enlla\u00e7.<\/p>\n\n\n\n<hr class=\"wp-block-separator has-alpha-channel-opacity\"\/>\n\n\n\n<p><strong>Cookies utilitzades en aquest lloc web<\/strong><\/p>\n\n\n\n<p>Seguint les directrius de l\u2019Ag\u00e8ncia Espanyola de Protecci\u00f3 de Dades, procedim a detallar l\u2019\u00fas de cookies que fa aquesta web per informar-te amb la m\u00e0xima exactitud possible.<\/p>\n\n\n\n<p>Aquest lloc web utilitza les seg\u00fcents cookies pr\u00f2pies:<\/p>\n\n\n\n<ul class=\"wp-block-list\">\n<li>Cookies de sessi\u00f3, per garantir que els usuaris que escriguin comentaris al blog siguin humans i no aplicacions automatitzades. D\u2019aquesta manera es combat el spam.<\/li>\n<\/ul>\n\n\n\n<p>Aquest lloc web utilitza les seg\u00fcents cookies de tercers:<\/p>\n\n\n\n<ul class=\"wp-block-list\">\n<li><strong>Google Analytics:<\/strong> Emmagatzema cookies per poder elaborar estad\u00edstiques sobre el tr\u00e0fic i volum de visites d\u2019aquesta web. En utilitzar aquest lloc web, est\u00e0s consentint el tractament d\u2019informaci\u00f3 sobre tu per part de Google. Per tant, l\u2019exercici de qualsevol dret en aquest sentit haur\u00e0s de fer-ho comunicant-te directament amb Google.<\/li>\n\n\n\n<li><strong>Xarxes socials:<\/strong> Cada xarxa social utilitza les seves pr\u00f2pies cookies perqu\u00e8 puguis clicar a botons com \u201cM\u2019agrada\u201d o \u201cComparteix\u201d.<\/li>\n<\/ul>\n\n\n\n<hr class=\"wp-block-separator has-alpha-channel-opacity\"\/>\n\n\n\n<p><strong>Desactivaci\u00f3 o eliminaci\u00f3 de cookies<\/strong><\/p>\n\n\n\n<p>En qualsevol moment podr\u00e0s exercir el teu dret a desactivar o eliminar cookies d\u2019aquest lloc web. Aquestes accions es realitzen de manera diferent segons el navegador que estiguis utilitzant. Aqu\u00ed et deixem una guia r\u00e0pida per als navegadors m\u00e9s populars.<\/p>\n\n\n\n<hr class=\"wp-block-separator has-alpha-channel-opacity\"\/>\n\n\n\n<p><strong>Notes addicionals<\/strong><\/p>\n\n\n\n<ul class=\"wp-block-list\">\n<li>Ni aquesta web ni els seus representants legals es fan responsables ni del contingut ni de la veracitat de les pol\u00edtiques de privacitat que puguin tenir els tercers esmentats en aquesta pol\u00edtica de cookies.<\/li>\n\n\n\n<li>Els navegadors web s\u00f3n les eines encarregades d\u2019emmagatzemar les cookies i des d\u2019aqu\u00ed has d\u2019exercir el teu dret a eliminar o desactivar-les. Ni aquesta web ni els seus representants legals poden garantir la correcta o incorrecta manipulaci\u00f3 de les cookies per part dels navegadors esmentats.<\/li>\n\n\n\n<li>En alguns casos \u00e9s necessari instal\u00b7lar cookies perqu\u00e8 el navegador no oblidi la teva decisi\u00f3 de no acceptaci\u00f3 de les mateixes.<\/li>\n\n\n\n<li>En el cas de les cookies de Google Analytics, aquesta empresa emmagatzema les cookies en servidors ubicats als Estats Units i es compromet a no compartir-les amb tercers, excepte quan sigui necessari pel funcionament del sistema o quan la llei ho obligui. Segons Google, no guarda la teva adre\u00e7a IP. Google Inc. \u00e9s una companyia adherida a l\u2019Acord de Port Segur, que garanteix que totes les dades transferides seran tractades amb un nivell de protecci\u00f3 acord amb la normativa europea. Pots consultar informaci\u00f3 detallada a aquest respecte en aquest enlla\u00e7. Si vols informaci\u00f3 sobre l\u2019\u00fas que Google d\u00f3na a les cookies, t\u2019adjuntem aquest altre enlla\u00e7.<\/li>\n\n\n\n<li>Per a qualsevol dubte o consulta sobre aquesta pol\u00edtica de cookies, no dubtis en comunicar-te amb nosaltres a trav\u00e9s de la secci\u00f3 de contacte.<\/li>\n<\/ul>\n\n\n\n<hr class=\"wp-block-separator has-alpha-channel-opacity\"\/>\n\n\n\n<p><strong>Qu\u00e8 NO \u00e9s una cookie?<\/strong><\/p>\n\n\n\n<p>No \u00e9s un virus, ni un troi\u00e0, ni un cuc, ni spam, ni spyware, ni obre finestres emergents (pop-up).<\/p>\n\n\n\n<hr class=\"wp-block-separator has-alpha-channel-opacity\"\/>\n\n\n\n<p><strong>Quina informaci\u00f3 emmagatzema una cookie?<\/strong><\/p>\n\n\n\n<p>Les cookies no solen emmagatzemar informaci\u00f3 sensible sobre tu, com targetes de cr\u00e8dit o dades banc\u00e0ries, fotografies, DNI o informaci\u00f3 personal. Les dades que guarden s\u00f3n de car\u00e0cter t\u00e8cnic, prefer\u00e8ncies personals, personalitzaci\u00f3 de continguts, etc.<\/p>\n\n\n\n<p>El servidor web no t\u2019associa a tu com a persona, sin\u00f3 al teu navegador web. De fet, si navegues habitualment amb Internet Explorer i proves a navegar per la mateixa web amb Firefox o Chrome, veur\u00e0s que la web no es d\u00f3na compte que ets la mateixa persona perqu\u00e8 en realitat associa el navegador, no la persona.<\/p>\n\n\n\n<hr class=\"wp-block-separator has-alpha-channel-opacity\"\/>\n\n\n\n<p><strong>Quins tipus de cookies existeixen?<\/strong><\/p>\n\n\n\n<ul class=\"wp-block-list\">\n<li><strong>Cookies t\u00e8cniques:<\/strong> S\u00f3n les m\u00e9s b\u00e0siques i permeten, entre altres coses, saber quan est\u00e0 navegant un hum\u00e0 o una aplicaci\u00f3 automatitzada, quan navega un usuari an\u00f2nim i un registrat, tasques b\u00e0siques per al funcionament de qualsevol web din\u00e0mica.<\/li>\n\n\n\n<li><strong>Cookies d\u2019an\u00e0lisi:<\/strong> Recullen informaci\u00f3 sobre el tipus de navegaci\u00f3 que est\u00e0s fent, les seccions que m\u00e9s utilitzes, productes consultats, franja hor\u00e0ria d\u2019\u00fas, idioma, etc.<\/li>\n\n\n\n<li><strong>Cookies publicit\u00e0ries:<\/strong> Mostren publicitat en funci\u00f3 de la teva navegaci\u00f3, pa\u00eds d\u2019origen, idioma, etc.<\/li>\n<\/ul>\n\n\n\n<hr class=\"wp-block-separator has-alpha-channel-opacity\"\/>\n\n\n\n<p><strong>Qu\u00e8 s\u00f3n les cookies pr\u00f2pies i les de tercers?<\/strong><\/p>\n\n\n\n<p>Les cookies pr\u00f2pies s\u00f3n les generades per la p\u00e0gina que est\u00e0s visitant i les de tercers s\u00f3n generades per serveis o prove\u00efdors externs com Facebook, Twitter, Google, etc.<\/p>\n\n\n\n<hr class=\"wp-block-separator has-alpha-channel-opacity\"\/>\n\n\n\n<p><strong>Qu\u00e8 passa si desactivo les cookies?<\/strong><\/p>\n\n\n\n<p>Perqu\u00e8 entenguis l\u2019abast que pot tenir desactivar les cookies, et mostrem alguns exemples:<\/p>\n\n\n\n<ul class=\"wp-block-list\">\n<li>No podr\u00e0s compartir continguts d\u2019aquesta web a Facebook, Twitter o qualsevol altra xarxa social.<\/li>\n\n\n\n<li>El lloc web no podr\u00e0 adaptar els continguts a les teves prefer\u00e8ncies personals, com passa habitualment a les botigues en l\u00ednia.<\/li>\n\n\n\n<li>No podr\u00e0s accedir a l\u2019\u00e0rea personal d\u2019aquesta web, com per exemple \u201cEl meu compte\u201d, \u201cEl meu perfil\u201d o \u201cLes meves comandes\u201d.<\/li>\n\n\n\n<li>Botigues en l\u00ednia: Et ser\u00e0 impossible fer compres online; haur\u00e0s de fer-les per tel\u00e8fon o visitant la botiga f\u00edsica si en disposa.<\/li>\n\n\n\n<li>No ser\u00e0 possible personalitzar les teves prefer\u00e8ncies geogr\u00e0fiques com la franja hor\u00e0ria, divisa o idioma.<\/li>\n\n\n\n<li>El lloc web no podr\u00e0 realitzar an\u00e0lisis web sobre visitants i tr\u00e0fic, cosa que dificultar\u00e0 que la web sigui competitiva.<\/li>\n\n\n\n<li>No podr\u00e0s escriure al blog, pujar fotos, publicar comentaris, valorar o puntuar continguts. La web tampoc podr\u00e0 saber si ets un hum\u00e0 o una aplicaci\u00f3 automatitzada que publica spam.<\/li>\n\n\n\n<li>No es podr\u00e0 mostrar publicitat segmentada, cosa que reduir\u00e0 els ingressos publicitaris de la web.<\/li>\n\n\n\n<li>Totes les xarxes socials utilitzen cookies, si les desactives no podr\u00e0s utilitzar cap xarxa social.<\/li>\n<\/ul>\n\n\n\n<hr class=\"wp-block-separator has-alpha-channel-opacity\"\/>\n\n\n\n<p><strong>Es poden eliminar les cookies?<\/strong><\/p>\n\n\n\n<p>S\u00ed. No nom\u00e9s eliminar, tamb\u00e9 bloquejar-les, de forma general o particular per a un domini espec\u00edfic.<\/p>\n\n\n\n<p>Per eliminar les cookies d\u2019un lloc web has d\u2019anar a la configuraci\u00f3 del teu navegador i all\u00e0 podr\u00e0s buscar les associades al domini en q\u00fcesti\u00f3 i procedir a la seva eliminaci\u00f3.<\/p>\n\n\n\n<hr class=\"wp-block-separator has-alpha-channel-opacity\"\/>\n\n\n\n<p><strong>Configuraci\u00f3 de cookies per als navegadors m\u00e9s populars<\/strong><\/p>\n\n\n\n<p>A continuaci\u00f3 t\u2019indiquem com accedir a una cookie determinada del navegador Chrome. Nota: aquests passos poden variar segons la versi\u00f3 del navegador:<\/p>\n\n\n\n<ol class=\"wp-block-list\">\n<li>Ves a Configuraci\u00f3 o Prefer\u00e8ncies mitjan\u00e7ant el men\u00fa Arxiu o b\u00e9 clicant la icona de personalitzaci\u00f3 que apareix a dalt a la dreta.<\/li>\n\n\n\n<li>Veure diferents seccions, clica l\u2019opci\u00f3 Mostrar opcions avan\u00e7ades.<\/li>\n\n\n\n<li>Ves a Privadesa, Configuraci\u00f3 de contingut.<\/li>\n\n\n\n<li>Selecciona Totes les cookies i les dades de llocs.<\/li>\n\n\n\n<li>Apareixer\u00e0 un llistat amb totes les cookies ordenades per domini. Per facilitar trobar les cookies d\u2019un domini determinat, introdueix parcialment o totalment l\u2019adre\u00e7a en el camp Cercar cookies.<\/li>\n\n\n\n<li>Despr\u00e9s de filtrar, apareixeran una o diverses l\u00ednies amb les cookies de la web sol\u00b7licitada. Ara nom\u00e9s has de seleccionar-la i pr\u00e9mer la X per eliminar-la.<\/li>\n<\/ol>\n\n\n\n<p>Per accedir a la configuraci\u00f3 de cookies del navegador Internet Explorer, segueix aquests passos (poden variar segons la versi\u00f3):<\/p>\n\n\n\n<ol class=\"wp-block-list\">\n<li>Ves a Eines, Opcions d\u2019Internet.<\/li>\n\n\n\n<li>Fes clic a Privadesa.<\/li>\n\n\n\n<li>Mou el regulador per ajustar el nivell de privadesa que desitgis.<\/li>\n<\/ol>\n\n\n\n<p>Per accedir a la configuraci\u00f3 de cookies del navegador Firefox:<\/p>\n\n\n\n<ol class=\"wp-block-list\">\n<li>Ves a Opcions o Prefer\u00e8ncies segons el sistema operatiu.<\/li>\n\n\n\n<li>Fes clic a Privadesa.<\/li>\n\n\n\n<li>A Historial, tria Usar una configuraci\u00f3 personalitzada per a l\u2019historial.<\/li>\n\n\n\n<li>Ara veur\u00e0s l\u2019opci\u00f3 Acceptar cookies, que pots activar o desactivar segons prefer\u00e8ncies.<\/li>\n<\/ol>\n\n\n\n<p>Per accedir a la configuraci\u00f3 de cookies del navegador Safari per OSX:<\/p>\n\n\n\n<ol class=\"wp-block-list\">\n<li>Ves a Prefer\u00e8ncies, despr\u00e9s Privadesa.<\/li>\n\n\n\n<li>Aqu\u00ed veur\u00e0s l\u2019opci\u00f3 Bloquejar cookies perqu\u00e8 ajustis el tipus de bloqueig.<\/li>\n<\/ol>\n\n\n\n<p>Per accedir a la configuraci\u00f3 de cookies del navegador Safari per iOS:<\/p>\n\n\n\n<ol class=\"wp-block-list\">\n<li>Ves a Ajustos, despr\u00e9s Safari.<\/li>\n\n\n\n<li>Ves a Privadesa i Seguretat, on trobar\u00e0s l\u2019opci\u00f3 Bloquejar cookies.<\/li>\n<\/ol>\n\n\n\n<p>Per accedir a la configuraci\u00f3 de cookies del navegador per dispositius Android:<\/p>\n\n\n\n<ol class=\"wp-block-list\">\n<li>Executa el navegador i prem la tecla Men\u00fa, despr\u00e9s Ajustos.<\/li>\n\n\n\n<li>Ves a Seguretat i Privadesa, on trobar\u00e0s l\u2019opci\u00f3 Acceptar cookies per activar o desactivar.<\/li>\n<\/ol>\n\n\n\n<p>Per accedir a la configuraci\u00f3 de cookies del navegador per dispositius Windows Phone:<\/p>\n\n\n\n<ol class=\"wp-block-list\">\n<li>Obre Internet Explorer, despr\u00e9s M\u00e9s, despr\u00e9s Configuraci\u00f3.<\/li>\n\n\n\n<li>Aqu\u00ed podr\u00e0s activar o desactivar la casella Permetre cookies.<\/li>\n<\/ol>\n","protected":false},"excerpt":{"rendered":"<p>Qu\u00e8 \u00e9s una cookie? Una cookie \u00e9s un petit fitxer de text que s\u2019emmagatzema al teu navegador quan visites gaireb\u00e9 qualsevol p\u00e0gina web. La seva utilitat \u00e9s que la web sigui capa\u00e7 de recordar la teva visita quan tornis a navegar per aquesta p\u00e0gina. Les cookies solen emmagatzemar informaci\u00f3 de car\u00e0cter t\u00e8cnic, prefer\u00e8ncies personals, personalitzaci\u00f3 [&hellip;]<\/p>\n","protected":false},"author":1,"featured_media":0,"parent":0,"menu_order":0,"comment_status":"closed","ping_status":"closed","template":"","meta":{"footnotes":""},"class_list":["post-774","page","type-page","status-publish","hentry"],"rankMath":{"parentDomain":"www.infarsa.com","noFollowDomains":[],"noFollowExcludeDomains":[],"noFollowExternalLinks":false,"featuredImageNotice":"The featured image should be at least 200 by 200 pixels to be picked up by Facebook and other social media sites.","pluginReviewed":false,"postSettings":{"linkSuggestions":true,"useFocusKeyword":false},"frontEndScore":false,"postName":"mes-informacio-sobre-les-cookies","permalinkFormat":"https:\/\/www.infarsa.com\/ca\/%pagename%\/","showLockModifiedDate":true,"assessor":{"focusKeywordLink":"https:\/\/www.infarsa.com\/wp-admin\/edit.php?focus_keyword=%focus_keyword%&post_type=%post_type%","hasTOCPlugin":true,"primaryTaxonomy":false,"serpData":{"title":"","description":"","focusKeywords":"","pillarContent":false,"canonicalUrl":"","breadcrumbTitle":"","advancedRobots":[],"facebookTitle":"","facebookDescription":"","facebookImage":"","facebookImageID":"","facebookHasOverlay":false,"facebookImageOverlay":"","facebookAuthor":"","twitterCardType":"","twitterUseFacebook":true,"twitterTitle":"","twitterDescription":"","twitterImage":"","twitterImageID":"","twitterHasOverlay":false,"twitterImageOverlay":"","twitterPlayerUrl":"","twitterPlayerSize":"","twitterPlayerStream":"","twitterPlayerStreamCtype":"","twitterAppDescription":"","twitterAppIphoneName":"","twitterAppIphoneID":"","twitterAppIphoneUrl":"","twitterAppIpadName":"","twitterAppIpadID":"","twitterAppIpadUrl":"","twitterAppGoogleplayName":"","twitterAppGoogleplayID":"","twitterAppGoogleplayUrl":"","twitterAppCountry":"","robots":{"index":true},"twitterAuthor":"username","primaryTerm":0,"authorName":"1ca2d2cd8a23","titleTemplate":"%title% %sep% %sitename%","descriptionTemplate":"%excerpt%","showScoreFrontend":true,"lockModifiedDate":false},"powerWords":[],"diacritics":{"A":"[\\u0041\\u24B6\\uFF21\\u00C0\\u00C1\\u00C2\\u1EA6\\u1EA4\\u1EAA\\u1EA8\\u00C3\\u0100\\u0102\\u1EB0\\u1EAE\\u1EB4\\u1EB2\\u0226\\u01E0\\u00C4\\u01DE\\u1EA2\\u00C5\\u01FA\\u01CD\\u0200\\u0202\\u1EA0\\u1EAC\\u1EB6\\u1E00\\u0104\\u023A\\u2C6F]","AA":"[\\uA732]","AE":"[\\u00C6\\u01FC\\u01E2]","AO":"[\\uA734]","AU":"[\\uA736]","AV":"[\\uA738\\uA73A]","AY":"[\\uA73C]","B":"[\\u0042\\u24B7\\uFF22\\u1E02\\u1E04\\u1E06\\u0243\\u0182\\u0181]","C":"[\\u0043\\u24B8\\uFF23\\u0106\\u0108\\u010A\\u010C\\u00C7\\u1E08\\u0187\\u023B\\uA73E]","D":"[\\u0044\\u24B9\\uFF24\\u1E0A\\u010E\\u1E0C\\u1E10\\u1E12\\u1E0E\\u0110\\u018B\\u018A\\u0189\\uA779]","DZ":"[\\u01F1\\u01C4]","Dz":"[\\u01F2\\u01C5]","E":"[\\u0045\\u24BA\\uFF25\\u00C8\\u00C9\\u00CA\\u1EC0\\u1EBE\\u1EC4\\u1EC2\\u1EBC\\u0112\\u1E14\\u1E16\\u0114\\u0116\\u00CB\\u1EBA\\u011A\\u0204\\u0206\\u1EB8\\u1EC6\\u0228\\u1E1C\\u0118\\u1E18\\u1E1A\\u0190\\u018E]","F":"[\\u0046\\u24BB\\uFF26\\u1E1E\\u0191\\uA77B]","G":"[\\u0047\\u24BC\\uFF27\\u01F4\\u011C\\u1E20\\u011E\\u0120\\u01E6\\u0122\\u01E4\\u0193\\uA7A0\\uA77D\\uA77E]","H":"[\\u0048\\u24BD\\uFF28\\u0124\\u1E22\\u1E26\\u021E\\u1E24\\u1E28\\u1E2A\\u0126\\u2C67\\u2C75\\uA78D]","I":"[\\u0049\\u24BE\\uFF29\\u00CC\\u00CD\\u00CE\\u0128\\u012A\\u012C\\u0130\\u00CF\\u1E2E\\u1EC8\\u01CF\\u0208\\u020A\\u1ECA\\u012E\\u1E2C\\u0197]","J":"[\\u004A\\u24BF\\uFF2A\\u0134\\u0248]","K":"[\\u004B\\u24C0\\uFF2B\\u1E30\\u01E8\\u1E32\\u0136\\u1E34\\u0198\\u2C69\\uA740\\uA742\\uA744\\uA7A2]","L":"[\\u004C\\u24C1\\uFF2C\\u013F\\u0139\\u013D\\u1E36\\u1E38\\u013B\\u1E3C\\u1E3A\\u0141\\u023D\\u2C62\\u2C60\\uA748\\uA746\\uA780]","LJ":"[\\u01C7]","Lj":"[\\u01C8]","M":"[\\u004D\\u24C2\\uFF2D\\u1E3E\\u1E40\\u1E42\\u2C6E\\u019C]","N":"[\\u004E\\u24C3\\uFF2E\\u01F8\\u0143\\u00D1\\u1E44\\u0147\\u1E46\\u0145\\u1E4A\\u1E48\\u0220\\u019D\\uA790\\uA7A4]","NJ":"[\\u01CA]","Nj":"[\\u01CB]","O":"[\\u004F\\u24C4\\uFF2F\\u00D2\\u00D3\\u00D4\\u1ED2\\u1ED0\\u1ED6\\u1ED4\\u00D5\\u1E4C\\u022C\\u1E4E\\u014C\\u1E50\\u1E52\\u014E\\u022E\\u0230\\u00D6\\u022A\\u1ECE\\u0150\\u01D1\\u020C\\u020E\\u01A0\\u1EDC\\u1EDA\\u1EE0\\u1EDE\\u1EE2\\u1ECC\\u1ED8\\u01EA\\u01EC\\u00D8\\u01FE\\u0186\\u019F\\uA74A\\uA74C]","OI":"[\\u01A2]","OO":"[\\uA74E]","OU":"[\\u0222]","P":"[\\u0050\\u24C5\\uFF30\\u1E54\\u1E56\\u01A4\\u2C63\\uA750\\uA752\\uA754]","Q":"[\\u0051\\u24C6\\uFF31\\uA756\\uA758\\u024A]","R":"[\\u0052\\u24C7\\uFF32\\u0154\\u1E58\\u0158\\u0210\\u0212\\u1E5A\\u1E5C\\u0156\\u1E5E\\u024C\\u2C64\\uA75A\\uA7A6\\uA782]","S":"[\\u0053\\u24C8\\uFF33\\u1E9E\\u015A\\u1E64\\u015C\\u1E60\\u0160\\u1E66\\u1E62\\u1E68\\u0218\\u015E\\u2C7E\\uA7A8\\uA784]","T":"[\\u0054\\u24C9\\uFF34\\u1E6A\\u0164\\u1E6C\\u021A\\u0162\\u1E70\\u1E6E\\u0166\\u01AC\\u01AE\\u023E\\uA786]","TZ":"[\\uA728]","U":"[\\u0055\\u24CA\\uFF35\\u00D9\\u00DA\\u00DB\\u0168\\u1E78\\u016A\\u1E7A\\u016C\\u00DC\\u01DB\\u01D7\\u01D5\\u01D9\\u1EE6\\u016E\\u0170\\u01D3\\u0214\\u0216\\u01AF\\u1EEA\\u1EE8\\u1EEE\\u1EEC\\u1EF0\\u1EE4\\u1E72\\u0172\\u1E76\\u1E74\\u0244]","V":"[\\u0056\\u24CB\\uFF36\\u1E7C\\u1E7E\\u01B2\\uA75E\\u0245]","VY":"[\\uA760]","W":"[\\u0057\\u24CC\\uFF37\\u1E80\\u1E82\\u0174\\u1E86\\u1E84\\u1E88\\u2C72]","X":"[\\u0058\\u24CD\\uFF38\\u1E8A\\u1E8C]","Y":"[\\u0059\\u24CE\\uFF39\\u1EF2\\u00DD\\u0176\\u1EF8\\u0232\\u1E8E\\u0178\\u1EF6\\u1EF4\\u01B3\\u024E\\u1EFE]","Z":"[\\u005A\\u24CF\\uFF3A\\u0179\\u1E90\\u017B\\u017D\\u1E92\\u1E94\\u01B5\\u0224\\u2C7F\\u2C6B\\uA762]","a":"[\\u0061\\u24D0\\uFF41\\u1E9A\\u00E0\\u00E1\\u00E2\\u1EA7\\u1EA5\\u1EAB\\u1EA9\\u00E3\\u0101\\u0103\\u1EB1\\u1EAF\\u1EB5\\u1EB3\\u0227\\u01E1\\u00E4\\u01DF\\u1EA3\\u00E5\\u01FB\\u01CE\\u0201\\u0203\\u1EA1\\u1EAD\\u1EB7\\u1E01\\u0105\\u2C65\\u0250]","aa":"[\\uA733]","ae":"[\\u00E6\\u01FD\\u01E3]","ao":"[\\uA735]","au":"[\\uA737]","av":"[\\uA739\\uA73B]","ay":"[\\uA73D]","b":"[\\u0062\\u24D1\\uFF42\\u1E03\\u1E05\\u1E07\\u0180\\u0183\\u0253]","c":"[\\u0063\\u24D2\\uFF43\\u0107\\u0109\\u010B\\u010D\\u00E7\\u1E09\\u0188\\u023C\\uA73F\\u2184]","d":"[\\u0064\\u24D3\\uFF44\\u1E0B\\u010F\\u1E0D\\u1E11\\u1E13\\u1E0F\\u0111\\u018C\\u0256\\u0257\\uA77A]","dz":"[\\u01F3\\u01C6]","e":"[\\u0065\\u24D4\\uFF45\\u00E8\\u00E9\\u00EA\\u1EC1\\u1EBF\\u1EC5\\u1EC3\\u1EBD\\u0113\\u1E15\\u1E17\\u0115\\u0117\\u00EB\\u1EBB\\u011B\\u0205\\u0207\\u1EB9\\u1EC7\\u0229\\u1E1D\\u0119\\u1E19\\u1E1B\\u0247\\u025B\\u01DD]","f":"[\\u0066\\u24D5\\uFF46\\u1E1F\\u0192\\uA77C]","g":"[\\u0067\\u24D6\\uFF47\\u01F5\\u011D\\u1E21\\u011F\\u0121\\u01E7\\u0123\\u01E5\\u0260\\uA7A1\\u1D79\\uA77F]","h":"[\\u0068\\u24D7\\uFF48\\u0125\\u1E23\\u1E27\\u021F\\u1E25\\u1E29\\u1E2B\\u1E96\\u0127\\u2C68\\u2C76\\u0265]","hv":"[\\u0195]","i":"[\\u0069\\u24D8\\uFF49\\u00EC\\u00ED\\u00EE\\u0129\\u012B\\u012D\\u00EF\\u1E2F\\u1EC9\\u01D0\\u0209\\u020B\\u1ECB\\u012F\\u1E2D\\u0268\\u0131]","j":"[\\u006A\\u24D9\\uFF4A\\u0135\\u01F0\\u0249]","k":"[\\u006B\\u24DA\\uFF4B\\u1E31\\u01E9\\u1E33\\u0137\\u1E35\\u0199\\u2C6A\\uA741\\uA743\\uA745\\uA7A3]","l":"[\\u006C\\u24DB\\uFF4C\\u0140\\u013A\\u013E\\u1E37\\u1E39\\u013C\\u1E3D\\u1E3B\\u017F\\u0142\\u019A\\u026B\\u2C61\\uA749\\uA781\\uA747]","lj":"[\\u01C9]","m":"[\\u006D\\u24DC\\uFF4D\\u1E3F\\u1E41\\u1E43\\u0271\\u026F]","n":"[\\u006E\\u24DD\\uFF4E\\u01F9\\u0144\\u00F1\\u1E45\\u0148\\u1E47\\u0146\\u1E4B\\u1E49\\u019E\\u0272\\u0149\\uA791\\uA7A5]","nj":"[\\u01CC]","o":"[\\u006F\\u24DE\\uFF4F\\u00F2\\u00F3\\u00F4\\u1ED3\\u1ED1\\u1ED7\\u1ED5\\u00F5\\u1E4D\\u022D\\u1E4F\\u014D\\u1E51\\u1E53\\u014F\\u022F\\u0231\\u00F6\\u022B\\u1ECF\\u0151\\u01D2\\u020D\\u020F\\u01A1\\u1EDD\\u1EDB\\u1EE1\\u1EDF\\u1EE3\\u1ECD\\u1ED9\\u01EB\\u01ED\\u00F8\\u01FF\\u0254\\uA74B\\uA74D\\u0275]","oi":"[\\u01A3]","ou":"[\\u0223]","oo":"[\\uA74F]","p":"[\\u0070\\u24DF\\uFF50\\u1E55\\u1E57\\u01A5\\u1D7D\\uA751\\uA753\\uA755]","q":"[\\u0071\\u24E0\\uFF51\\u024B\\uA757\\uA759]","r":"[\\u0072\\u24E1\\uFF52\\u0155\\u1E59\\u0159\\u0211\\u0213\\u1E5B\\u1E5D\\u0157\\u1E5F\\u024D\\u027D\\uA75B\\uA7A7\\uA783]","s":"[\\u0073\\u24E2\\uFF53\\u015B\\u1E65\\u015D\\u1E61\\u0161\\u1E67\\u1E63\\u1E69\\u0219\\u015F\\u023F\\uA7A9\\uA785\\u1E9B]","ss":"[\\u00DF]","t":"[\\u0074\\u24E3\\uFF54\\u1E6B\\u1E97\\u0165\\u1E6D\\u021B\\u0163\\u1E71\\u1E6F\\u0167\\u01AD\\u0288\\u2C66\\uA787]","tz":"[\\uA729]","u":"[\\u0075\\u24E4\\uFF55\\u00F9\\u00FA\\u00FB\\u0169\\u1E79\\u016B\\u1E7B\\u016D\\u00FC\\u01DC\\u01D8\\u01D6\\u01DA\\u1EE7\\u016F\\u0171\\u01D4\\u0215\\u0217\\u01B0\\u1EEB\\u1EE9\\u1EEF\\u1EED\\u1EF1\\u1EE5\\u1E73\\u0173\\u1E77\\u1E75\\u0289]","v":"[\\u0076\\u24E5\\uFF56\\u1E7D\\u1E7F\\u028B\\uA75F\\u028C]","vy":"[\\uA761]","w":"[\\u0077\\u24E6\\uFF57\\u1E81\\u1E83\\u0175\\u1E87\\u1E85\\u1E98\\u1E89\\u2C73]","x":"[\\u0078\\u24E7\\uFF58\\u1E8B\\u1E8D]","y":"[\\u0079\\u24E8\\uFF59\\u1EF3\\u00FD\\u0177\\u1EF9\\u0233\\u1E8F\\u00FF\\u1EF7\\u1E99\\u1EF5\\u01B4\\u024F\\u1EFF]","z":"[\\u007A\\u24E9\\uFF5A\\u017A\\u1E91\\u017C\\u017E\\u1E93\\u1E95\\u01B6\\u0225\\u0240\\u2C6C\\uA763]"},"researchesTests":["contentHasTOC","contentHasShortParagraphs","contentHasAssets","keywordInTitle","keywordInMetaDescription","keywordInPermalink","keywordIn10Percent","keywordInContent","keywordInSubheadings","keywordInImageAlt","keywordDensity","keywordNotUsed","lengthContent","lengthPermalink","linksHasInternal","linksHasExternals","linksNotAllExternals","titleStartWithKeyword","titleSentiment","titleHasPowerWords","titleHasNumber","hasContentAI"],"hasRedirection":true,"hasBreadcrumb":false},"homeUrl":"https:\/\/www.infarsa.com\/ca\/","objectID":774,"objectType":"post","locale":"ca","localeFull":"ca","overlayImages":{"play":{"name":"Play icon","url":"https:\/\/www.infarsa.com\/wp-content\/plugins\/seo-by-rank-math\/assets\/admin\/img\/icon-play.png","path":"\/usr\/home\/infarsa.com\/web\/wp-content\/plugins\/seo-by-rank-math\/assets\/admin\/img\/icon-play.png","position":"middle_center"},"gif":{"name":"GIF icon","url":"https:\/\/www.infarsa.com\/wp-content\/plugins\/seo-by-rank-math\/assets\/admin\/img\/icon-gif.png","path":"\/usr\/home\/infarsa.com\/web\/wp-content\/plugins\/seo-by-rank-math\/assets\/admin\/img\/icon-gif.png","position":"middle_center"}},"defautOgImage":"https:\/\/www.infarsa.com\/wp-content\/plugins\/seo-by-rank-math\/assets\/admin\/img\/social-placeholder.jpg","customPermalinks":true,"isUserRegistered":true,"autoSuggestKeywords":true,"connectSiteUrl":"https:\/\/rankmath.com\/auth?site=https%3A%2F%2Fwww.infarsa.com%2Fca%2F&r=https%3A%2F%2Fwww.infarsa.com%2Fca%2Fwp-json%2Fwp%2Fv2%2Fpages%2F774%3Fnonce%3D3e37728f58","maxTags":5,"trendsIcon":"<svg viewBox=\"0 0 610 610\"><path d=\"M18.85,446,174.32,290.48l58.08,58.08L76.93,504a14.54,14.54,0,0,1-20.55,0L18.83,466.48a14.54,14.54,0,0,1,0-20.55Z\" style=\"fill:#4285f4\"\/><path d=\"M242.65,242.66,377.59,377.6l-47.75,47.75a14.54,14.54,0,0,1-20.55,0L174.37,290.43l47.75-47.75A14.52,14.52,0,0,1,242.65,242.66Z\" style=\"fill:#ea4335\"\/><polygon points=\"319.53 319.53 479.26 159.8 537.34 217.88 377.61 377.62 319.53 319.53\" style=\"fill:#fabb05\"\/><path d=\"M594.26,262.73V118.61h0a16.94,16.94,0,0,0-16.94-16.94H433.2a16.94,16.94,0,0,0-12,28.92L565.34,274.71h0a16.94,16.94,0,0,0,28.92-12Z\" style=\"fill:#34a853\"\/><rect width=\"610\" height=\"610\" style=\"fill:none\"\/><\/svg>","showScore":true,"siteFavIcon":"https:\/\/www.infarsa.com\/wp-content\/uploads\/cropped-cropped-infarsa-32x32.png","canUser":{"general":false,"advanced":false,"snippet":false,"social":false,"analysis":false,"analytics":false,"content_ai":false},"showKeywordIntent":true,"isPro":false,"is_front_page":false,"trendsUpgradeLink":"https:\/\/rankmath.com\/pricing\/?utm_source=Plugin&utm_medium=CE%20General%20Tab%20Trends&utm_campaign=WP","trendsUpgradeLabel":"Upgrade","trendsPreviewImage":"https:\/\/www.infarsa.com\/wp-content\/plugins\/seo-by-rank-math\/assets\/admin\/img\/trends-preview.jpg","currentEditor":false,"homepageData":{"assessor":{"powerWords":[],"diacritics":true,"researchesTests":["contentHasTOC","contentHasShortParagraphs","contentHasAssets","keywordInTitle","keywordInMetaDescription","keywordInPermalink","keywordIn10Percent","keywordInContent","keywordInSubheadings","keywordInImageAlt","keywordDensity","keywordNotUsed","lengthContent","lengthPermalink","linksHasInternal","linksHasExternals","linksNotAllExternals","titleStartWithKeyword","titleSentiment","titleHasPowerWords","titleHasNumber","hasContentAI"],"hasBreadcrumb":false,"serpData":{"title":"%sitename% %page% %sep% %sitedesc%","description":"","titleTemplate":"%sitename% %page% %sep% %sitedesc%","descriptionTemplate":"","focusKeywords":"","breadcrumbTitle":"Home","robots":{"index":true},"advancedRobots":[],"facebookTitle":"","facebookDescription":"","facebookImage":"","facebookImageID":""}}},"tocTitle":"Table of Contents","tocExcludeHeadings":[],"listStyle":"ul"},"_links":{"self":[{"href":"https:\/\/www.infarsa.com\/ca\/wp-json\/wp\/v2\/pages\/774","targetHints":{"allow":["GET"]}}],"collection":[{"href":"https:\/\/www.infarsa.com\/ca\/wp-json\/wp\/v2\/pages"}],"about":[{"href":"https:\/\/www.infarsa.com\/ca\/wp-json\/wp\/v2\/types\/page"}],"author":[{"embeddable":true,"href":"https:\/\/www.infarsa.com\/ca\/wp-json\/wp\/v2\/users\/1"}],"replies":[{"embeddable":true,"href":"https:\/\/www.infarsa.com\/ca\/wp-json\/wp\/v2\/comments?post=774"}],"version-history":[{"count":4,"href":"https:\/\/www.infarsa.com\/ca\/wp-json\/wp\/v2\/pages\/774\/revisions"}],"predecessor-version":[{"id":837,"href":"https:\/\/www.infarsa.com\/ca\/wp-json\/wp\/v2\/pages\/774\/revisions\/837"}],"wp:attachment":[{"href":"https:\/\/www.infarsa.com\/ca\/wp-json\/wp\/v2\/media?parent=774"}],"curies":[{"name":"wp","href":"https:\/\/api.w.org\/{rel}","templated":true}]}}